{"id":7,"date":"2018-09-18T19:03:19","date_gmt":"2018-09-18T17:03:19","guid":{"rendered":"http:\/\/www.3dtracking.no\/ctno\/?page_id=7"},"modified":"2020-08-13T16:12:23","modified_gmt":"2020-08-13T14:12:23","slug":"container-tracking","status":"publish","type":"page","link":"https:\/\/www.3dtracking.no\/ctno\/","title":{"rendered":"Container tracking"},"content":{"rendered":"<p><strong>Container, lasteb\u00e6rer, kasse &#8211; kj\u00e6rt barn har mange navn<\/strong><\/p>\n<blockquote>\n<p>Vi jobber n\u00e5 med Stalkit.no sin hardware p\u00e5 3dtracking sin plattform<\/p>\n<\/blockquote>\n\n\n<figure class=\"wp-block-image size-large\"><img loading=\"lazy\" width=\"1024\" height=\"552\" src=\"http:\/\/www.3dtracking.no\/ctno\/wp-content\/uploads\/sites\/4\/2020\/08\/stalkit_illustrasjon_duk_3-1024x552.png\" alt=\"\" class=\"wp-image-81\" srcset=\"https:\/\/www.3dtracking.no\/ctno\/wp-content\/uploads\/sites\/4\/2020\/08\/stalkit_illustrasjon_duk_3-1024x552.png 1024w, https:\/\/www.3dtracking.no\/ctno\/wp-content\/uploads\/sites\/4\/2020\/08\/stalkit_illustrasjon_duk_3-300x162.png 300w, https:\/\/www.3dtracking.no\/ctno\/wp-content\/uploads\/sites\/4\/2020\/08\/stalkit_illustrasjon_duk_3-768x414.png 768w, https:\/\/www.3dtracking.no\/ctno\/wp-content\/uploads\/sites\/4\/2020\/08\/stalkit_illustrasjon_duk_3-1536x828.png 1536w, https:\/\/www.3dtracking.no\/ctno\/wp-content\/uploads\/sites\/4\/2020\/08\/stalkit_illustrasjon_duk_3.png 1545w\" sizes=\"(max-width: 767px) 89vw, (max-width: 1000px) 54vw, (max-width: 1071px) 543px, 580px\" \/><\/figure>\n","protected":false},"excerpt":{"rendered":"<p>Container, lasteb\u00e6rer, kasse &#8211; kj\u00e6rt barn har mange navn Vi jobber n\u00e5 med Stalkit.no sin hardware p\u00e5 3dtracking sin plattform<\/p>\n","protected":false},"author":1,"featured_media":0,"parent":0,"menu_order":0,"comment_status":"closed","ping_status":"closed","template":"","meta":[],"yoast_head":"<!-- This site is optimized with the Yoast SEO plugin v19.13 - https:\/\/yoast.com\/wordpress\/plugins\/seo\/ -->\n<title>Container tracking - Container tracking Norge<\/title>\n<meta name=\"robots\" content=\"index, follow, max-snippet:-1, max-image-preview:large, max-video-preview:-1\" \/>\n<link rel=\"canonical\" href=\"http:\/\/www.3dtracking.no\/ctno\/\" \/>\n<meta property=\"og:locale\" content=\"nb_NO\" \/>\n<meta property=\"og:type\" content=\"article\" \/>\n<meta property=\"og:title\" content=\"Container tracking - Container tracking Norge\" \/>\n<meta property=\"og:description\" content=\"Container, lasteb\u00e6rer, kasse &#8211; kj\u00e6rt barn har mange navn Vi jobber n\u00e5 med Stalkit.no sin hardware p\u00e5 3dtracking sin plattform\" \/>\n<meta property=\"og:url\" content=\"http:\/\/www.3dtracking.no\/ctno\/\" \/>\n<meta property=\"og:site_name\" content=\"Container tracking Norge\" \/>\n<meta property=\"article:modified_time\" content=\"2020-08-13T14:12:23+00:00\" \/>\n<meta property=\"og:image\" content=\"http:\/\/www.3dtracking.no\/ctno\/wp-content\/uploads\/sites\/4\/2020\/08\/stalkit_illustrasjon_duk_3-1024x552.png\" \/>\n<meta name=\"twitter:card\" content=\"summary_large_image\" \/>\n<script type=\"application\/ld+json\" class=\"yoast-schema-graph\">{\"@context\":\"https:\/\/schema.org\",\"@graph\":[{\"@type\":\"WebPage\",\"@id\":\"http:\/\/www.3dtracking.no\/ctno\/\",\"url\":\"http:\/\/www.3dtracking.no\/ctno\/\",\"name\":\"Container tracking - Container tracking Norge\",\"isPartOf\":{\"@id\":\"https:\/\/www.3dtracking.no\/ctno\/#website\"},\"datePublished\":\"2018-09-18T17:03:19+00:00\",\"dateModified\":\"2020-08-13T14:12:23+00:00\",\"breadcrumb\":{\"@id\":\"http:\/\/www.3dtracking.no\/ctno\/#breadcrumb\"},\"inLanguage\":\"nb-NO\",\"potentialAction\":[{\"@type\":\"ReadAction\",\"target\":[\"http:\/\/www.3dtracking.no\/ctno\/\"]}]},{\"@type\":\"BreadcrumbList\",\"@id\":\"http:\/\/www.3dtracking.no\/ctno\/#breadcrumb\",\"itemListElement\":[{\"@type\":\"ListItem\",\"position\":1,\"name\":\"Hjem\",\"item\":\"http:\/\/www.3dtracking.no\/ctno\/\"},{\"@type\":\"ListItem\",\"position\":2,\"name\":\"Container tracking\"}]},{\"@type\":\"WebSite\",\"@id\":\"https:\/\/www.3dtracking.no\/ctno\/#website\",\"url\":\"https:\/\/www.3dtracking.no\/ctno\/\",\"name\":\"Container tracking Norge\",\"description\":\"Hold orden p\u00e5 dine containere og lasteb\u00e6rere\",\"potentialAction\":[{\"@type\":\"SearchAction\",\"target\":{\"@type\":\"EntryPoint\",\"urlTemplate\":\"https:\/\/www.3dtracking.no\/ctno\/?s={search_term_string}\"},\"query-input\":\"required name=search_term_string\"}],\"inLanguage\":\"nb-NO\"}]}<\/script>\n<!-- \/ Yoast SEO plugin. -->","yoast_head_json":{"title":"Container tracking - Container tracking Norge","robots":{"index":"index","follow":"follow","max-snippet":"max-snippet:-1","max-image-preview":"max-image-preview:large","max-video-preview":"max-video-preview:-1"},"canonical":"http:\/\/www.3dtracking.no\/ctno\/","og_locale":"nb_NO","og_type":"article","og_title":"Container tracking - Container tracking Norge","og_description":"Container, lasteb\u00e6rer, kasse &#8211; kj\u00e6rt barn har mange navn Vi jobber n\u00e5 med Stalkit.no sin hardware p\u00e5 3dtracking sin plattform","og_url":"http:\/\/www.3dtracking.no\/ctno\/","og_site_name":"Container tracking Norge","article_modified_time":"2020-08-13T14:12:23+00:00","og_image":[{"url":"http:\/\/www.3dtracking.no\/ctno\/wp-content\/uploads\/sites\/4\/2020\/08\/stalkit_illustrasjon_duk_3-1024x552.png"}],"twitter_card":"summary_large_image","schema":{"@context":"https:\/\/schema.org","@graph":[{"@type":"WebPage","@id":"http:\/\/www.3dtracking.no\/ctno\/","url":"http:\/\/www.3dtracking.no\/ctno\/","name":"Container tracking - Container tracking Norge","isPartOf":{"@id":"https:\/\/www.3dtracking.no\/ctno\/#website"},"datePublished":"2018-09-18T17:03:19+00:00","dateModified":"2020-08-13T14:12:23+00:00","breadcrumb":{"@id":"http:\/\/www.3dtracking.no\/ctno\/#breadcrumb"},"inLanguage":"nb-NO","potentialAction":[{"@type":"ReadAction","target":["http:\/\/www.3dtracking.no\/ctno\/"]}]},{"@type":"BreadcrumbList","@id":"http:\/\/www.3dtracking.no\/ctno\/#breadcrumb","itemListElement":[{"@type":"ListItem","position":1,"name":"Hjem","item":"http:\/\/www.3dtracking.no\/ctno\/"},{"@type":"ListItem","position":2,"name":"Container tracking"}]},{"@type":"WebSite","@id":"https:\/\/www.3dtracking.no\/ctno\/#website","url":"https:\/\/www.3dtracking.no\/ctno\/","name":"Container tracking Norge","description":"Hold orden p\u00e5 dine containere og lasteb\u00e6rere","potentialAction":[{"@type":"SearchAction","target":{"@type":"EntryPoint","urlTemplate":"https:\/\/www.3dtracking.no\/ctno\/?s={search_term_string}"},"query-input":"required name=search_term_string"}],"inLanguage":"nb-NO"}]}},"_links":{"self":[{"href":"https:\/\/www.3dtracking.no\/ctno\/wp-json\/wp\/v2\/pages\/7"}],"collection":[{"href":"https:\/\/www.3dtracking.no\/ctno\/wp-json\/wp\/v2\/pages"}],"about":[{"href":"https:\/\/www.3dtracking.no\/ctno\/wp-json\/wp\/v2\/types\/page"}],"author":[{"embeddable":true,"href":"https:\/\/www.3dtracking.no\/ctno\/wp-json\/wp\/v2\/users\/1"}],"replies":[{"embeddable":true,"href":"https:\/\/www.3dtracking.no\/ctno\/wp-json\/wp\/v2\/comments?post=7"}],"version-history":[{"count":9,"href":"https:\/\/www.3dtracking.no\/ctno\/wp-json\/wp\/v2\/pages\/7\/revisions"}],"predecessor-version":[{"id":91,"href":"https:\/\/www.3dtracking.no\/ctno\/wp-json\/wp\/v2\/pages\/7\/revisions\/91"}],"wp:attachment":[{"href":"https:\/\/www.3dtracking.no\/ctno\/wp-json\/wp\/v2\/media?parent=7"}],"curies":[{"name":"wp","href":"https:\/\/api.w.org\/{rel}","templated":true}]}}